{"id":283,"date":"2025-07-25T11:42:18","date_gmt":"2025-07-25T15:42:18","guid":{"rendered":"https:\/\/oscarconejeros.cl\/oc\/?page_id=283"},"modified":"2025-07-25T11:56:09","modified_gmt":"2025-07-25T15:56:09","slug":"contacto","status":"publish","type":"page","link":"https:\/\/oscarconejeros.cl\/oc\/contacto\/","title":{"rendered":"Formulario de contacto"},"content":{"rendered":"\n<p>Escr\u00edbeme, agendemos una videollamada o simplemente cu\u00e9ntame qu\u00e9 necesitas.<br>La primera gu\u00eda siempre es sin costo y 100% confidencial.<\/p>\n\n\n\n<div class=\"wp-block-uagb-forms uagb-forms__outer-wrap uagb-block-d43ffaa1 uagb-forms__full-btn\"><form class=\"uagb-forms-main-form\" method=\"post\" autocomplete=\"on\" name=\"uagb-form-d43ffaa1\">\n<div class=\"wp-block-uagb-forms-name uagb-forms-name-wrap uagb-forms-field-set uagb-block-2be83384\"><div class=\"uagb-forms-name-label required uagb-forms-input-label\" id=\"2be83384\">Nombre<\/div><input type=\"text\" placeholder=\"\" required class=\"uagb-forms-name-input uagb-forms-input\" name=\"2be83384\" autocomplete=\"given-name\"\/><\/div>\n\n\n\n<div class=\"wp-block-uagb-forms-name uagb-forms-name-wrap uagb-forms-field-set uagb-block-e469ad1d\"><div class=\"uagb-forms-name-label required uagb-forms-input-label\" id=\"e469ad1d\">Apellido<\/div><input type=\"text\" placeholder=\"\" required class=\"uagb-forms-name-input uagb-forms-input\" name=\"e469ad1d\" autocomplete=\"family-name\"\/><\/div>\n\n\n\n<div class=\"wp-block-uagb-forms-email uagb-forms-email-wrap uagb-forms-field-set uagb-block-df1efcb3\"><div class=\"uagb-forms-email-label  uagb-forms-input-label\" id=\"df1efcb3\">Email<\/div><input type=\"email\" class=\"uagb-forms-email-input uagb-forms-input\" placeholder=\"ejemplo@mail.com\" name=\"df1efcb3\" autocomplete=\"email\"\/><\/div>\n\n\n\n<div class=\"wp-block-uagb-forms-textarea uagb-forms-textarea-wrap uagb-forms-field-set uagb-block-baa27a20\"><div class=\"uagb-forms-textarea-label required uagb-forms-input-label\" id=\"baa27a20\">Mensaje<\/div><textarea required class=\"uagb-forms-textarea-input uagb-forms-input\" rows=\"4\" placeholder=\"Ingrese su mensaje\" name=\"baa27a20\" autocomplete=\"off\"><\/textarea><\/div>\n<div class=\"uagb-forms-form-hidden-data\"><input type=\"hidden\" class=\"uagb_forms_form_label\" value=\"Spectra Form\"\/><input type=\"hidden\" class=\"uagb_forms_form_id\" value=\"uagb-form-d43ffaa1\"\/><\/div><div class=\"uagb-form-reacaptcha-error-d43ffaa1\"><\/div><div class=\"uagb-forms-main-submit-button-wrap wp-block-button\"><button class=\"uagb-forms-main-submit-button wp-block-button__link\"><div class=\"uagb-forms-main-submit-button-text\">Enviar<\/div><\/button><\/div><\/form><div class=\"uagb-forms-success-message-d43ffaa1 uagb-forms-submit-message-hide\"><span>El mensaje ha sido enviado.\n\nMuchas Gracias!<\/span><\/div><div class=\"uagb-forms-failed-message-d43ffaa1 uagb-forms-submit-message-hide\"><span>Este mensaje no ha podido ser enviado, favor revisar la informaci\u00f3n y enviar nuevamente.<\/span><\/div><\/div>\n\n\n\n<p><\/p>\n","protected":false},"excerpt":{"rendered":"<p>Escr\u00edbeme, agendemos una videollamada o simplemente cu\u00e9ntame qu\u00e9 necesitas.La primera gu\u00eda siempre es sin costo y 100% confidencial.<\/p>\n","protected":false},"author":1,"featured_media":0,"parent":0,"menu_order":0,"comment_status":"closed","ping_status":"closed","template":"","meta":{"_uag_custom_page_level_css":"","site-sidebar-layout":"default","site-content-layout":"","ast-site-content-layout":"default","site-content-style":"default","site-sidebar-style":"default","ast-global-header-display":"","ast-banner-title-visibility":"","ast-main-header-display":"","ast-hfb-above-header-display":"","ast-hfb-below-header-display":"","ast-hfb-mobile-header-display":"","site-post-title":"","ast-breadcrumbs-content":"","ast-featured-img":"","footer-sml-layout":"","ast-disable-related-posts":"","theme-transparent-header-meta":"","adv-header-id-meta":"","stick-header-meta":"","header-above-stick-meta":"","header-main-stick-meta":"","header-below-stick-meta":"","astra-migrate-meta-layouts":"default","ast-page-background-enabled":"default","ast-page-background-meta":{"desktop":{"background-color":"var(--ast-global-color-4)","background-image":"","background-repeat":"repeat","background-position":"center center","background-size":"auto","background-attachment":"scroll","background-type":"","background-media":"","overlay-type":"","overlay-color":"","overlay-opacity":"","overlay-gradient":""},"tablet":{"background-color":"","background-image":"","background-repeat":"repeat","background-position":"center center","background-size":"auto","background-attachment":"scroll","background-type":"","background-media":"","overlay-type":"","overlay-color":"","overlay-opacity":"","overlay-gradient":""},"mobile":{"background-color":"","background-image":"","background-repeat":"repeat","background-position":"center center","background-size":"auto","background-attachment":"scroll","background-type":"","background-media":"","overlay-type":"","overlay-color":"","overlay-opacity":"","overlay-gradient":""}},"ast-content-background-meta":{"desktop":{"background-color":"var(--ast-global-color-5)","background-image":"","background-repeat":"repeat","background-position":"center center","background-size":"auto","background-attachment":"scroll","background-type":"","background-media":"","overlay-type":"","overlay-color":"","overlay-opacity":"","overlay-gradient":""},"tablet":{"background-color":"var(--ast-global-color-5)","background-image":"","background-repeat":"repeat","background-position":"center center","background-size":"auto","background-attachment":"scroll","background-type":"","background-media":"","overlay-type":"","overlay-color":"","overlay-opacity":"","overlay-gradient":""},"mobile":{"background-color":"var(--ast-global-color-5)","background-image":"","background-repeat":"repeat","background-position":"center center","background-size":"auto","background-attachment":"scroll","background-type":"","background-media":"","overlay-type":"","overlay-color":"","overlay-opacity":"","overlay-gradient":""}},"footnotes":""},"class_list":["post-283","page","type-page","status-publish","hentry"],"uagb_featured_image_src":{"full":false,"thumbnail":false,"medium":false,"medium_large":false,"large":false,"1536x1536":false,"2048x2048":false},"uagb_author_info":{"display_name":"Oscar_Cd","author_link":"https:\/\/oscarconejeros.cl\/oc\/author\/admin_8uy1mu9k\/"},"uagb_comment_info":0,"uagb_excerpt":"Escr\u00edbeme, agendemos una videollamada o simplemente cu\u00e9ntame qu\u00e9 necesitas.La primera gu\u00eda siempre es sin costo y 100% confidencial.","_links":{"self":[{"href":"https:\/\/oscarconejeros.cl\/oc\/wp-json\/wp\/v2\/pages\/283","targetHints":{"allow":["GET"]}}],"collection":[{"href":"https:\/\/oscarconejeros.cl\/oc\/wp-json\/wp\/v2\/pages"}],"about":[{"href":"https:\/\/oscarconejeros.cl\/oc\/wp-json\/wp\/v2\/types\/page"}],"author":[{"embeddable":true,"href":"https:\/\/oscarconejeros.cl\/oc\/wp-json\/wp\/v2\/users\/1"}],"replies":[{"embeddable":true,"href":"https:\/\/oscarconejeros.cl\/oc\/wp-json\/wp\/v2\/comments?post=283"}],"version-history":[{"count":3,"href":"https:\/\/oscarconejeros.cl\/oc\/wp-json\/wp\/v2\/pages\/283\/revisions"}],"predecessor-version":[{"id":287,"href":"https:\/\/oscarconejeros.cl\/oc\/wp-json\/wp\/v2\/pages\/283\/revisions\/287"}],"wp:attachment":[{"href":"https:\/\/oscarconejeros.cl\/oc\/wp-json\/wp\/v2\/media?parent=283"}],"curies":[{"name":"wp","href":"https:\/\/api.w.org\/{rel}","templated":true}]}}