{"id":185,"date":"2024-09-22T00:19:39","date_gmt":"2024-09-22T04:19:39","guid":{"rendered":"https:\/\/oscarconejeros.cl\/oc\/?page_id=185"},"modified":"2024-10-30T23:05:14","modified_gmt":"2024-10-31T03:05:14","slug":"cambio-de-discos-duros-mecanicos-a-ssd","status":"publish","type":"page","link":"https:\/\/oscarconejeros.cl\/oc\/cambio-de-discos-duros-mecanicos-a-ssd\/","title":{"rendered":"Cambio de Discos Duros Mec\u00e1nicos a SSD"},"content":{"rendered":"\n<div class=\"wp-block-uagb-container uagb-block-55ef58cc alignfull uagb-is-root-container\"><div class=\"uagb-container-inner-blocks-wrap\">\n<p>&#8220;Dale nueva vida a tu computador con un cambio de disco duro mec\u00e1nico a SSD. La diferencia es asombrosa: tu equipo se encender\u00e1 en segundos, abrir\u00e1 programas al instante y tendr\u00e1s un rendimiento hasta 10 veces m\u00e1s r\u00e1pido. Nuestro servicio incluye la migraci\u00f3n de todos tus datos, garantizando una transici\u00f3n segura y sin complicaciones hacia la velocidad que siempre has deseado.&#8221;<\/p>\n<\/div><\/div>\n\n\n\n<div class=\"wp-block-uagb-container uagb-block-65fb71b8 alignfull uagb-is-root-container\"><div class=\"uagb-container-inner-blocks-wrap\">\n<figure class=\"wp-block-image aligncenter size-full is-resized\"><img loading=\"lazy\" decoding=\"async\" width=\"1024\" height=\"640\" src=\"https:\/\/oscarconejeros.cl\/oc\/wp-content\/uploads\/2024\/10\/cambio-hdd-ssd-1024x640-1.jpg\" alt=\"\" class=\"wp-image-213\" style=\"width:700px;height:auto\" srcset=\"https:\/\/oscarconejeros.cl\/oc\/wp-content\/uploads\/2024\/10\/cambio-hdd-ssd-1024x640-1.jpg 1024w, https:\/\/oscarconejeros.cl\/oc\/wp-content\/uploads\/2024\/10\/cambio-hdd-ssd-1024x640-1-300x188.jpg 300w, https:\/\/oscarconejeros.cl\/oc\/wp-content\/uploads\/2024\/10\/cambio-hdd-ssd-1024x640-1-768x480.jpg 768w\" sizes=\"auto, (max-width: 1024px) 100vw, 1024px\" \/><\/figure>\n<\/div><\/div>\n","protected":false},"excerpt":{"rendered":"<p>&#8220;Dale nueva vida a tu computador con un cambio de disco duro mec\u00e1nico a SSD. La diferencia es asombrosa: tu [&hellip;]<\/p>\n","protected":false},"author":1,"featured_media":0,"parent":0,"menu_order":0,"comment_status":"closed","ping_status":"closed","template":"","meta":{"_uag_custom_page_level_css":"","site-sidebar-layout":"default","site-content-layout":"","ast-site-content-layout":"default","site-content-style":"default","site-sidebar-style":"default","ast-global-header-display":"","ast-banner-title-visibility":"","ast-main-header-display":"","ast-hfb-above-header-display":"","ast-hfb-below-header-display":"","ast-hfb-mobile-header-display":"","site-post-title":"","ast-breadcrumbs-content":"","ast-featured-img":"","footer-sml-layout":"","ast-disable-related-posts":"","theme-transparent-header-meta":"","adv-header-id-meta":"","stick-header-meta":"","header-above-stick-meta":"","header-main-stick-meta":"","header-below-stick-meta":"","astra-migrate-meta-layouts":"default","ast-page-background-enabled":"default","ast-page-background-meta":{"desktop":{"background-color":"var(--ast-global-color-4)","background-image":"","background-repeat":"repeat","background-position":"center center","background-size":"auto","background-attachment":"scroll","background-type":"","background-media":"","overlay-type":"","overlay-color":"","overlay-opacity":"","overlay-gradient":""},"tablet":{"background-color":"","background-image":"","background-repeat":"repeat","background-position":"center center","background-size":"auto","background-attachment":"scroll","background-type":"","background-media":"","overlay-type":"","overlay-color":"","overlay-opacity":"","overlay-gradient":""},"mobile":{"background-color":"","background-image":"","background-repeat":"repeat","background-position":"center center","background-size":"auto","background-attachment":"scroll","background-type":"","background-media":"","overlay-type":"","overlay-color":"","overlay-opacity":"","overlay-gradient":""}},"ast-content-background-meta":{"desktop":{"background-color":"var(--ast-global-color-5)","background-image":"","background-repeat":"repeat","background-position":"center center","background-size":"auto","background-attachment":"scroll","background-type":"","background-media":"","overlay-type":"","overlay-color":"","overlay-opacity":"","overlay-gradient":""},"tablet":{"background-color":"var(--ast-global-color-5)","background-image":"","background-repeat":"repeat","background-position":"center center","background-size":"auto","background-attachment":"scroll","background-type":"","background-media":"","overlay-type":"","overlay-color":"","overlay-opacity":"","overlay-gradient":""},"mobile":{"background-color":"var(--ast-global-color-5)","background-image":"","background-repeat":"repeat","background-position":"center center","background-size":"auto","background-attachment":"scroll","background-type":"","background-media":"","overlay-type":"","overlay-color":"","overlay-opacity":"","overlay-gradient":""}},"footnotes":""},"class_list":["post-185","page","type-page","status-publish","hentry"],"uagb_featured_image_src":{"full":false,"thumbnail":false,"medium":false,"medium_large":false,"large":false,"1536x1536":false,"2048x2048":false},"uagb_author_info":{"display_name":"Oscar_Cd","author_link":"https:\/\/oscarconejeros.cl\/oc\/author\/admin_8uy1mu9k\/"},"uagb_comment_info":0,"uagb_excerpt":"&#8220;Dale nueva vida a tu computador con un cambio de disco duro mec\u00e1nico a SSD. La diferencia es asombrosa: tu [&hellip;]","_links":{"self":[{"href":"https:\/\/oscarconejeros.cl\/oc\/wp-json\/wp\/v2\/pages\/185","targetHints":{"allow":["GET"]}}],"collection":[{"href":"https:\/\/oscarconejeros.cl\/oc\/wp-json\/wp\/v2\/pages"}],"about":[{"href":"https:\/\/oscarconejeros.cl\/oc\/wp-json\/wp\/v2\/types\/page"}],"author":[{"embeddable":true,"href":"https:\/\/oscarconejeros.cl\/oc\/wp-json\/wp\/v2\/users\/1"}],"replies":[{"embeddable":true,"href":"https:\/\/oscarconejeros.cl\/oc\/wp-json\/wp\/v2\/comments?post=185"}],"version-history":[{"count":3,"href":"https:\/\/oscarconejeros.cl\/oc\/wp-json\/wp\/v2\/pages\/185\/revisions"}],"predecessor-version":[{"id":215,"href":"https:\/\/oscarconejeros.cl\/oc\/wp-json\/wp\/v2\/pages\/185\/revisions\/215"}],"wp:attachment":[{"href":"https:\/\/oscarconejeros.cl\/oc\/wp-json\/wp\/v2\/media?parent=185"}],"curies":[{"name":"wp","href":"https:\/\/api.w.org\/{rel}","templated":true}]}}