{"id":182,"date":"2024-09-22T00:18:19","date_gmt":"2024-09-22T04:18:19","guid":{"rendered":"https:\/\/oscarconejeros.cl\/oc\/?page_id=182"},"modified":"2024-10-30T22:57:16","modified_gmt":"2024-10-31T02:57:16","slug":"instalacion-de-office-y-aplicativos","status":"publish","type":"page","link":"https:\/\/oscarconejeros.cl\/oc\/instalacion-de-office-y-aplicativos\/","title":{"rendered":"Instalaci\u00f3n de Office y Aplicativos"},"content":{"rendered":"\n<div class=\"wp-block-uagb-container uagb-block-a548e14a alignfull uagb-is-root-container\"><div class=\"uagb-container-inner-blocks-wrap\">\n<div class=\"wp-block-uagb-image aligncenter uagb-block-92b05a5d wp-block-uagb-image--layout-default wp-block-uagb-image--effect-static wp-block-uagb-image--align-center\"><figure class=\"wp-block-uagb-image__figure\"><img decoding=\"async\" srcset=\"https:\/\/oscarconejeros.cl\/oc\/wp-content\/uploads\/2024\/09\/hq720.jpg ,https:\/\/oscarconejeros.cl\/oc\/wp-content\/uploads\/2024\/09\/hq720.jpg 780w, https:\/\/oscarconejeros.cl\/oc\/wp-content\/uploads\/2024\/09\/hq720.jpg 360w\" sizes=\"auto, (max-width: 480px) 150px\" src=\"https:\/\/oscarconejeros.cl\/oc\/wp-content\/uploads\/2024\/09\/hq720.jpg\" alt=\"hq720\" class=\"uag-image-191\" width=\"686\" height=\"386\" title=\"hq720\" loading=\"lazy\" role=\"img\"\/><\/figure><\/div>\n<\/div><\/div>\n\n\n\n<div class=\"wp-block-uagb-container uagb-block-36ac070d alignfull uagb-is-root-container\"><div class=\"uagb-container-inner-blocks-wrap\">\n<p>&#8220;Aprovecha al m\u00e1ximo el potencial de tu equipo con la instalaci\u00f3n de las aplicaciones que necesitas. Desde la suite de Office 365 hasta otros programas especializados, nosotros nos encargamos de instalar y configurar las herramientas de manera eficiente para que puedas trabajar sin interrupciones. Obt\u00e9n software original, actualizado y con la garant\u00eda de un funcionamiento \u00f3ptimo.&#8221;<\/p>\n\n\n\n<figure class=\"wp-block-table is-style-stripes\"><table class=\"has-pale-cyan-blue-background-color has-background has-fixed-layout\" style=\"border-width:1px\"><tbody><tr><td class=\"has-text-align-left\" data-align=\"left\"><strong>CARACTERISTICAS<\/strong><\/td><td><strong>DETALLE<\/strong><\/td><\/tr><tr><td class=\"has-text-align-left\" data-align=\"left\">Compatibilidad<\/td><td>macOS, Windows, iOS, Android<\/td><\/tr><tr><td class=\"has-text-align-left\" data-align=\"left\">Duraci\u00f3n<\/td><td>Indefinida*<\/td><\/tr><tr><td class=\"has-text-align-left\" data-align=\"left\">Activaci\u00f3n<\/td><td>Hasta 5 dispositivos<\/td><\/tr><tr><td class=\"has-text-align-left\" data-align=\"left\">Cuenta de Microsoft<\/td><td>Nueva y personal<\/td><\/tr><tr><td class=\"has-text-align-left\" data-align=\"left\">Env\u00edo<\/td><td>Inmediato<\/td><\/tr><\/tbody><\/table><figcaption class=\"wp-element-caption\">Ofrece una duraci\u00f3n indefinida* y permite la activaci\u00f3n en hasta 5 dispositivos por cuenta de Microsoft personal y nueva. Esta versi\u00f3n garantiza un env\u00edo inmediato, asegurando acceso r\u00e1pido y continuo a todas las herramientas esenciales para el trabajo y la colaboraci\u00f3n, sin importar el dispositivo o sistema operativo que utilices. <\/figcaption><\/figure>\n<\/div><\/div>\n\n\n\n<div class=\"wp-block-uagb-container uagb-block-417e8a66 alignfull uagb-is-root-container\"><div class=\"uagb-container-inner-blocks-wrap\">\n<div class=\"wp-block-uagb-marketing-button uagb-marketing-btn__align-center uagb-marketing-btn__align-text-center uagb-marketing-btn__icon-after uagb-block-9378516f wp-block-button\"><a href=\"https:\/\/wa.me\/+56958857939\" class=\"uagb-marketing-btn__link wp-block-button__link\" target=\"_blank\" rel=\"noopener noreferrer\"><span class=\"uagb-marketing-btn__title\">Solicita tu instalaci\u00f3n<\/span><svg xmlns=\"https:\/\/www.w3.org\/2000\/svg\" viewBox=\"0 0 512 512\"><path d=\"M384 320c-17.67 0-32 14.33-32 32v96H64V160h96c17.67 0 32-14.32 32-32s-14.33-32-32-32L64 96c-35.35 0-64 28.65-64 64V448c0 35.34 28.65 64 64 64h288c35.35 0 64-28.66 64-64v-96C416 334.3 401.7 320 384 320zM488 0H352c-12.94 0-24.62 7.797-29.56 19.75c-4.969 11.97-2.219 25.72 6.938 34.88L370.8 96L169.4 297.4c-12.5 12.5-12.5 32.75 0 45.25C175.6 348.9 183.8 352 192 352s16.38-3.125 22.62-9.375L416 141.3l41.38 41.38c9.156 9.141 22.88 11.84 34.88 6.938C504.2 184.6 512 172.9 512 160V24C512 10.74 501.3 0 488 0z\"><\/path><\/svg><p class=\"uagb-marketing-btn__prefix\">Valor $20.000 (1 o 5 dispositivos instalados)<\/p><\/a><\/div>\n<\/div><\/div>\n\n\n\n<p><\/p>\n","protected":false},"excerpt":{"rendered":"<p>&#8220;Aprovecha al m\u00e1ximo el potencial de tu equipo con la instalaci\u00f3n de las aplicaciones que necesitas. Desde la suite de [&hellip;]<\/p>\n","protected":false},"author":1,"featured_media":0,"parent":0,"menu_order":0,"comment_status":"closed","ping_status":"closed","template":"","meta":{"_uag_custom_page_level_css":"","site-sidebar-layout":"default","site-content-layout":"","ast-site-content-layout":"default","site-content-style":"default","site-sidebar-style":"default","ast-global-header-display":"","ast-banner-title-visibility":"","ast-main-header-display":"","ast-hfb-above-header-display":"","ast-hfb-below-header-display":"","ast-hfb-mobile-header-display":"","site-post-title":"","ast-breadcrumbs-content":"","ast-featured-img":"","footer-sml-layout":"","ast-disable-related-posts":"","theme-transparent-header-meta":"","adv-header-id-meta":"","stick-header-meta":"","header-above-stick-meta":"","header-main-stick-meta":"","header-below-stick-meta":"","astra-migrate-meta-layouts":"default","ast-page-background-enabled":"default","ast-page-background-meta":{"desktop":{"background-color":"var(--ast-global-color-4)","background-image":"","background-repeat":"repeat","background-position":"center center","background-size":"auto","background-attachment":"scroll","background-type":"","background-media":"","overlay-type":"","overlay-color":"","overlay-opacity":"","overlay-gradient":""},"tablet":{"background-color":"","background-image":"","background-repeat":"repeat","background-position":"center center","background-size":"auto","background-attachment":"scroll","background-type":"","background-media":"","overlay-type":"","overlay-color":"","overlay-opacity":"","overlay-gradient":""},"mobile":{"background-color":"","background-image":"","background-repeat":"repeat","background-position":"center center","background-size":"auto","background-attachment":"scroll","background-type":"","background-media":"","overlay-type":"","overlay-color":"","overlay-opacity":"","overlay-gradient":""}},"ast-content-background-meta":{"desktop":{"background-color":"var(--ast-global-color-5)","background-image":"","background-repeat":"repeat","background-position":"center center","background-size":"auto","background-attachment":"scroll","background-type":"","background-media":"","overlay-type":"","overlay-color":"","overlay-opacity":"","overlay-gradient":""},"tablet":{"background-color":"var(--ast-global-color-5)","background-image":"","background-repeat":"repeat","background-position":"center center","background-size":"auto","background-attachment":"scroll","background-type":"","background-media":"","overlay-type":"","overlay-color":"","overlay-opacity":"","overlay-gradient":""},"mobile":{"background-color":"var(--ast-global-color-5)","background-image":"","background-repeat":"repeat","background-position":"center center","background-size":"auto","background-attachment":"scroll","background-type":"","background-media":"","overlay-type":"","overlay-color":"","overlay-opacity":"","overlay-gradient":""}},"footnotes":""},"class_list":["post-182","page","type-page","status-publish","hentry"],"uagb_featured_image_src":{"full":false,"thumbnail":false,"medium":false,"medium_large":false,"large":false,"1536x1536":false,"2048x2048":false},"uagb_author_info":{"display_name":"Oscar_Cd","author_link":"https:\/\/oscarconejeros.cl\/oc\/author\/admin_8uy1mu9k\/"},"uagb_comment_info":0,"uagb_excerpt":"&#8220;Aprovecha al m\u00e1ximo el potencial de tu equipo con la instalaci\u00f3n de las aplicaciones que necesitas. Desde la suite de [&hellip;]","_links":{"self":[{"href":"https:\/\/oscarconejeros.cl\/oc\/wp-json\/wp\/v2\/pages\/182","targetHints":{"allow":["GET"]}}],"collection":[{"href":"https:\/\/oscarconejeros.cl\/oc\/wp-json\/wp\/v2\/pages"}],"about":[{"href":"https:\/\/oscarconejeros.cl\/oc\/wp-json\/wp\/v2\/types\/page"}],"author":[{"embeddable":true,"href":"https:\/\/oscarconejeros.cl\/oc\/wp-json\/wp\/v2\/users\/1"}],"replies":[{"embeddable":true,"href":"https:\/\/oscarconejeros.cl\/oc\/wp-json\/wp\/v2\/comments?post=182"}],"version-history":[{"count":8,"href":"https:\/\/oscarconejeros.cl\/oc\/wp-json\/wp\/v2\/pages\/182\/revisions"}],"predecessor-version":[{"id":212,"href":"https:\/\/oscarconejeros.cl\/oc\/wp-json\/wp\/v2\/pages\/182\/revisions\/212"}],"wp:attachment":[{"href":"https:\/\/oscarconejeros.cl\/oc\/wp-json\/wp\/v2\/media?parent=182"}],"curies":[{"name":"wp","href":"https:\/\/api.w.org\/{rel}","templated":true}]}}