{"id":179,"date":"2024-09-22T00:16:04","date_gmt":"2024-09-22T04:16:04","guid":{"rendered":"https:\/\/oscarconejeros.cl\/oc\/?page_id=179"},"modified":"2024-10-30T23:14:59","modified_gmt":"2024-10-31T03:14:59","slug":"mantenimiento-de-pc-y-notebook","status":"publish","type":"page","link":"https:\/\/oscarconejeros.cl\/oc\/mantenimiento-de-pc-y-notebook\/","title":{"rendered":"Mantenimiento de PC y Notebook"},"content":{"rendered":"\n<div class=\"wp-block-uagb-container uagb-block-8cb4ff55 alignfull uagb-is-root-container\"><div class=\"uagb-container-inner-blocks-wrap\">\n<p>&#8220;\u00bfTu computador est\u00e1 m\u00e1s lento de lo habitual o presenta fallos inesperados? Nuestro servicio de mantenimiento de PC y notebooks se encarga de optimizar su rendimiento, eliminando virus, actualizando software, limpiando f\u00edsicamente los componentes internos y mejorando la eficiencia del sistema. Mant\u00e9n tu equipo funcionando como el primer d\u00eda y evita futuros problemas con un mantenimiento profesional y personalizado.&#8221;<\/p>\n<\/div><\/div>\n\n\n\n<p><\/p>\n\n\n\n<div class=\"wp-block-uagb-container uagb-block-73b333f7 alignfull uagb-is-root-container\"><div class=\"uagb-container-inner-blocks-wrap\">\n<div class=\"wp-block-uagb-container uagb-block-be0ac0ac\">\n<figure class=\"wp-block-image aligncenter size-large is-resized\"><img loading=\"lazy\" decoding=\"async\" width=\"1024\" height=\"614\" src=\"https:\/\/oscarconejeros.cl\/oc\/wp-content\/uploads\/2024\/10\/reparacion-pc-1024x614.jpg\" alt=\"\" class=\"wp-image-218\" style=\"width:594px;height:auto\" srcset=\"https:\/\/oscarconejeros.cl\/oc\/wp-content\/uploads\/2024\/10\/reparacion-pc-1024x614.jpg 1024w, https:\/\/oscarconejeros.cl\/oc\/wp-content\/uploads\/2024\/10\/reparacion-pc-300x180.jpg 300w, https:\/\/oscarconejeros.cl\/oc\/wp-content\/uploads\/2024\/10\/reparacion-pc-768x461.jpg 768w, https:\/\/oscarconejeros.cl\/oc\/wp-content\/uploads\/2024\/10\/reparacion-pc-1536x922.jpg 1536w, https:\/\/oscarconejeros.cl\/oc\/wp-content\/uploads\/2024\/10\/reparacion-pc.jpg 1800w\" sizes=\"auto, (max-width: 1024px) 100vw, 1024px\" \/><\/figure>\n<\/div>\n<\/div><\/div>\n","protected":false},"excerpt":{"rendered":"<p>&#8220;\u00bfTu computador est\u00e1 m\u00e1s lento de lo habitual o presenta fallos inesperados? Nuestro servicio de mantenimiento de PC y notebooks [&hellip;]<\/p>\n","protected":false},"author":1,"featured_media":0,"parent":0,"menu_order":0,"comment_status":"closed","ping_status":"closed","template":"","meta":{"_uag_custom_page_level_css":"","site-sidebar-layout":"default","site-content-layout":"","ast-site-content-layout":"default","site-content-style":"default","site-sidebar-style":"default","ast-global-header-display":"","ast-banner-title-visibility":"","ast-main-header-display":"","ast-hfb-above-header-display":"","ast-hfb-below-header-display":"","ast-hfb-mobile-header-display":"","site-post-title":"","ast-breadcrumbs-content":"","ast-featured-img":"","footer-sml-layout":"","ast-disable-related-posts":"","theme-transparent-header-meta":"","adv-header-id-meta":"","stick-header-meta":"","header-above-stick-meta":"","header-main-stick-meta":"","header-below-stick-meta":"","astra-migrate-meta-layouts":"default","ast-page-background-enabled":"default","ast-page-background-meta":{"desktop":{"background-color":"var(--ast-global-color-4)","background-image":"","background-repeat":"repeat","background-position":"center center","background-size":"auto","background-attachment":"scroll","background-type":"","background-media":"","overlay-type":"","overlay-color":"","overlay-opacity":"","overlay-gradient":""},"tablet":{"background-color":"","background-image":"","background-repeat":"repeat","background-position":"center center","background-size":"auto","background-attachment":"scroll","background-type":"","background-media":"","overlay-type":"","overlay-color":"","overlay-opacity":"","overlay-gradient":""},"mobile":{"background-color":"","background-image":"","background-repeat":"repeat","background-position":"center center","background-size":"auto","background-attachment":"scroll","background-type":"","background-media":"","overlay-type":"","overlay-color":"","overlay-opacity":"","overlay-gradient":""}},"ast-content-background-meta":{"desktop":{"background-color":"var(--ast-global-color-5)","background-image":"","background-repeat":"repeat","background-position":"center center","background-size":"auto","background-attachment":"scroll","background-type":"","background-media":"","overlay-type":"","overlay-color":"","overlay-opacity":"","overlay-gradient":""},"tablet":{"background-color":"var(--ast-global-color-5)","background-image":"","background-repeat":"repeat","background-position":"center center","background-size":"auto","background-attachment":"scroll","background-type":"","background-media":"","overlay-type":"","overlay-color":"","overlay-opacity":"","overlay-gradient":""},"mobile":{"background-color":"var(--ast-global-color-5)","background-image":"","background-repeat":"repeat","background-position":"center center","background-size":"auto","background-attachment":"scroll","background-type":"","background-media":"","overlay-type":"","overlay-color":"","overlay-opacity":"","overlay-gradient":""}},"footnotes":""},"class_list":["post-179","page","type-page","status-publish","hentry"],"uagb_featured_image_src":{"full":false,"thumbnail":false,"medium":false,"medium_large":false,"large":false,"1536x1536":false,"2048x2048":false},"uagb_author_info":{"display_name":"Oscar_Cd","author_link":"https:\/\/oscarconejeros.cl\/oc\/author\/admin_8uy1mu9k\/"},"uagb_comment_info":0,"uagb_excerpt":"&#8220;\u00bfTu computador est\u00e1 m\u00e1s lento de lo habitual o presenta fallos inesperados? Nuestro servicio de mantenimiento de PC y notebooks [&hellip;]","_links":{"self":[{"href":"https:\/\/oscarconejeros.cl\/oc\/wp-json\/wp\/v2\/pages\/179","targetHints":{"allow":["GET"]}}],"collection":[{"href":"https:\/\/oscarconejeros.cl\/oc\/wp-json\/wp\/v2\/pages"}],"about":[{"href":"https:\/\/oscarconejeros.cl\/oc\/wp-json\/wp\/v2\/types\/page"}],"author":[{"embeddable":true,"href":"https:\/\/oscarconejeros.cl\/oc\/wp-json\/wp\/v2\/users\/1"}],"replies":[{"embeddable":true,"href":"https:\/\/oscarconejeros.cl\/oc\/wp-json\/wp\/v2\/comments?post=179"}],"version-history":[{"count":4,"href":"https:\/\/oscarconejeros.cl\/oc\/wp-json\/wp\/v2\/pages\/179\/revisions"}],"predecessor-version":[{"id":220,"href":"https:\/\/oscarconejeros.cl\/oc\/wp-json\/wp\/v2\/pages\/179\/revisions\/220"}],"wp:attachment":[{"href":"https:\/\/oscarconejeros.cl\/oc\/wp-json\/wp\/v2\/media?parent=179"}],"curies":[{"name":"wp","href":"https:\/\/api.w.org\/{rel}","templated":true}]}}